{"id":257,"date":"2021-02-16T09:26:50","date_gmt":"2021-02-16T09:26:50","guid":{"rendered":"https:\/\/hotelalion.com\/index.php\/our-rooms\/"},"modified":"2021-02-16T16:12:07","modified_gmt":"2021-02-16T16:12:07","slug":"dhomat-tona","status":"publish","type":"page","link":"https:\/\/hotelalion.com\/index.php\/dhomat-tona\/?lang=sq","title":{"rendered":"DHOMAT TONA"},"content":{"rendered":"<div class=\"wpb-content-wrapper\"><p>[vc_row][vc_column width=&#8221;1\/3&#8243;]<div class=\"ult-content-box-container box_class\" >\t\t<div class=\"ult-content-box\" style=\"background-color:rgba(255,255,255,0.7);box-shadow: px px px px none;-webkit-transition: all 700ms ease;-moz-transition: all 700ms ease;-ms-transition: all 700ms ease;-o-transition: all 700ms ease;transition: all 700ms ease;\"  data-hover_box_shadow=\"none\"     data-bg=\"rgba(255,255,255,0.7)\" >[vc_single_image image=&#8221;202&#8243; img_size=&#8221;full&#8221;][vc_custom_heading text=&#8221;Dhom\u00eb Dopio Deluxe&#8221; font_container=&#8221;tag:h3|font_size:22|text_align:left&#8221; use_theme_fonts=&#8221;yes&#8221; css=&#8221;.vc_custom_1613486547436{padding-left: 20px !important;}&#8221;][vc_column_text css=&#8221;.vc_custom_1613486558275{padding-right: 20px !important;padding-left: 20px !important;}&#8221;]Dhoma Dopio Deluxe p\u00ebrfshin nj\u00eb krevat dopio, aj\u00ebr t\u00eb kondicionuar dhe facilitete t\u00eb tjera. Kjo dhom\u00eb \u00ebsht\u00eb e p\u00ebrshtatshme p\u00ebr nj\u00eb \u00e7ift dhe p\u00ebrmban&#8230;[\/vc_column_text][vc_btn title=&#8221;Detaje&#8221; style=&#8221;outline-custom&#8221; outline_custom_color=&#8221;#063d8c&#8221; outline_custom_hover_background=&#8221;#063d8c&#8221; outline_custom_hover_text=&#8221;#ffffff&#8221; align=&#8221;left&#8221; css=&#8221;.vc_custom_1613491741170{padding-bottom: 20px !important;padding-left: 20px !important;}&#8221; link=&#8221;url:https%3A%2F%2Fhotelalion.com%2Findex.php%2Fdhome-dopio-deluxe%2F%3Flang%3Dsq|title:Dhom%C3%AB%20Dopio%20Deluxe||&#8221;]\t\t<\/div><\/div>[\/vc_column][vc_column width=&#8221;1\/3&#8243;]<div class=\"ult-content-box-container box_class\" >\t\t<div class=\"ult-content-box\" style=\"background-color:rgba(255,255,255,0.7);box-shadow: px px px px none;-webkit-transition: all 700ms ease;-moz-transition: all 700ms ease;-ms-transition: all 700ms ease;-o-transition: all 700ms ease;transition: all 700ms ease;\"  data-hover_box_shadow=\"none\"     data-bg=\"rgba(255,255,255,0.7)\" >[vc_single_image image=&#8221;203&#8243; img_size=&#8221;full&#8221;][vc_custom_heading text=&#8221;Dhom\u00eb Dopio Deluxe me Pamje nga Deti&#8221; font_container=&#8221;tag:h3|font_size:22|text_align:left&#8221; use_theme_fonts=&#8221;yes&#8221; css=&#8221;.vc_custom_1613486595932{padding-left: 20px !important;}&#8221;][vc_column_text css=&#8221;.vc_custom_1613486624645{padding-right: 20px !important;padding-left: 20px !important;}&#8221;]Dhoma Dopio Deluxe p\u00ebrfshin nj\u00eb krevato dopio, aj\u00ebr t\u00eb kondicionuar dhe facilitete t\u00eb tjera. Kjo dhom\u00eb \u00ebsht\u00eb e p\u00ebrshtatshme p\u00ebr nj\u00eb \u00e7ift&#8230;[\/vc_column_text][vc_btn title=&#8221;Detaje&#8221; style=&#8221;outline-custom&#8221; outline_custom_color=&#8221;#063d8c&#8221; outline_custom_hover_background=&#8221;#063d8c&#8221; outline_custom_hover_text=&#8221;#ffffff&#8221; align=&#8221;left&#8221; css=&#8221;.vc_custom_1613491752001{padding-bottom: 20px !important;padding-left: 20px !important;}&#8221; link=&#8221;url:https%3A%2F%2Fhotelalion.com%2Findex.php%2Fdhome-dopio-deluxe-me-pamje-nga-deti%2F%3Flang%3Dsq|title:Dhom%C3%AB%20Dopio%20Deluxe%20me%20Pamje%20nga%20Deti||&#8221;]\t\t<\/div><\/div>[\/vc_column][vc_column width=&#8221;1\/3&#8243;]<div class=\"ult-content-box-container box_class\" >\t\t<div class=\"ult-content-box\" style=\"background-color:rgba(255,255,255,0.7);box-shadow: px px px px none;-webkit-transition: all 700ms ease;-moz-transition: all 700ms ease;-ms-transition: all 700ms ease;-o-transition: all 700ms ease;transition: all 700ms ease;\"  data-hover_box_shadow=\"none\"     data-bg=\"rgba(255,255,255,0.7)\" >[vc_single_image image=&#8221;204&#8243; img_size=&#8221;full&#8221;][vc_custom_heading text=&#8221;Dhom\u00eb Treshe Deluxe me Ballkon &amp; Pamje nga Deti&#8221; font_container=&#8221;tag:h3|font_size:22|text_align:left&#8221; use_theme_fonts=&#8221;yes&#8221; css=&#8221;.vc_custom_1613486668923{padding-left: 20px !important;}&#8221;][vc_column_text css=&#8221;.vc_custom_1613486683203{padding-right: 20px !important;padding-left: 20px !important;}&#8221;]Dhoma Treshe Deluxe p\u00ebrfshin nj\u00eb krevat dopio, aj\u00ebr t\u00eb kondicionuar dhe facilitete t\u00eb tjera. Kjo dhom\u00eb \u00ebsht\u00eb e p\u00ebrshtatshme &#8230;[\/vc_column_text][vc_btn title=&#8221;Detaje&#8221; style=&#8221;outline-custom&#8221; outline_custom_color=&#8221;#063d8c&#8221; outline_custom_hover_background=&#8221;#063d8c&#8221; outline_custom_hover_text=&#8221;#ffffff&#8221; align=&#8221;left&#8221; css=&#8221;.vc_custom_1613491765329{padding-bottom: 20px !important;padding-left: 20px !important;}&#8221; link=&#8221;url:https%3A%2F%2Fhotelalion.com%2Findex.php%2Fdhome-treshe-deluxe-me-ballkon-pamje-nga-deti%2F%3Flang%3Dsq|title:Dhom%C3%AB%20Treshe%20Deluxe%20me%20Ballkon%20%26%20Pamje%20nga%20Deti||&#8221;]\t\t<\/div><\/div>[\/vc_column][\/vc_row][vc_row][vc_column width=&#8221;1\/3&#8243;]<div class=\"ult-content-box-container box_class\" >\t\t<div class=\"ult-content-box\" style=\"background-color:rgba(255,255,255,0.7);box-shadow: px px px px none;-webkit-transition: all 700ms ease;-moz-transition: all 700ms ease;-ms-transition: all 700ms ease;-o-transition: all 700ms ease;transition: all 700ms ease;\"  data-hover_box_shadow=\"none\"     data-bg=\"rgba(255,255,255,0.7)\" >[vc_single_image image=&#8221;205&#8243; img_size=&#8221;full&#8221;][vc_custom_heading text=&#8221;Suite me Ballkon &amp; Pamje nga Deti&#8221; font_container=&#8221;tag:h3|font_size:22|text_align:left&#8221; use_theme_fonts=&#8221;yes&#8221; css=&#8221;.vc_custom_1613486741580{padding-left: 20px !important;}&#8221;][vc_column_text css=&#8221;.vc_custom_1613486755515{padding-right: 20px !important;padding-left: 20px !important;}&#8221;]<\/p>\n<div class=\"wpb_text_column wpb_content_element \">\n<div class=\"wpb_wrapper\">\n<p>Suita p\u00ebrmban nj\u00eb krevat dopio dhe nj\u00eb sofa, aj\u00ebr t\u00eb kondicionuar dhe facilitete t\u00eb tjera. Dhoma \u00ebsht\u00eb e p\u00ebrshtatshme p\u00ebr nj\u00eb familje dhe p\u00ebrmban t\u00eb gjitha facilitetet&#8230;<\/p>\n<\/div>\n<\/div>\n<p>[\/vc_column_text][vc_btn title=&#8221;Detaje&#8221; style=&#8221;outline-custom&#8221; outline_custom_color=&#8221;#063d8c&#8221; outline_custom_hover_background=&#8221;#063d8c&#8221; outline_custom_hover_text=&#8221;#ffffff&#8221; align=&#8221;left&#8221; css=&#8221;.vc_custom_1613491777777{padding-bottom: 20px !important;padding-left: 20px !important;}&#8221; link=&#8221;url:https%3A%2F%2Fhotelalion.com%2Findex.php%2Fsuite-me-ballkon-pamje-nga-deti%2F%3Flang%3Dsq|title:Suite%20me%20Ballkon%20%26%20Pamje%20nga%20Deti||&#8221;]\t\t<\/div><\/div>[\/vc_column][vc_column width=&#8221;1\/3&#8243;]<div class=\"ult-content-box-container box_class\" >\t\t<div class=\"ult-content-box\" style=\"background-color:rgba(255,255,255,0.7);box-shadow: px px px px none;-webkit-transition: all 700ms ease;-moz-transition: all 700ms ease;-ms-transition: all 700ms ease;-o-transition: all 700ms ease;transition: all 700ms ease;\"  data-hover_box_shadow=\"none\"     data-bg=\"rgba(255,255,255,0.7)\" >[vc_single_image image=&#8221;206&#8243; img_size=&#8221;full&#8221;][vc_custom_heading text=&#8221;Dhom\u00eb Kat\u00ebrshe Deluxe&#8221; font_container=&#8221;tag:h3|font_size:22|text_align:left&#8221; use_theme_fonts=&#8221;yes&#8221; css=&#8221;.vc_custom_1613487185283{padding-left: 20px !important;}&#8221;][vc_column_text css=&#8221;.vc_custom_1613487198516{padding-right: 20px !important;padding-left: 20px !important;}&#8221;]Dhoma Kat\u00ebrshe p\u00ebrfshin nj\u00eb krevat dopio dhe nj\u00eb sofa, aj\u00ebr t\u00eb kondicionuar dhe facilitete t\u00eb tjera. Dhoma \u00ebsht\u00eb e p\u00ebrshtatshme p\u00ebr nj\u00eb familje dhe p\u00ebrmban t\u00eb gjitha facilitetet &#8230;[\/vc_column_text][vc_btn title=&#8221;Detaje&#8221; style=&#8221;outline-custom&#8221; outline_custom_color=&#8221;#063d8c&#8221; outline_custom_hover_background=&#8221;#063d8c&#8221; outline_custom_hover_text=&#8221;#ffffff&#8221; align=&#8221;left&#8221; css=&#8221;.vc_custom_1613491789305{padding-bottom: 20px !important;padding-left: 20px !important;}&#8221; link=&#8221;url:https%3A%2F%2Fhotelalion.com%2Findex.php%2Fdhome-katershe-deluxe%2F%3Flang%3Dsq|title:Dhom%C3%AB%20Kat%C3%ABrshe%20Deluxe||&#8221;]\t\t<\/div><\/div>[\/vc_column][vc_column width=&#8221;1\/3&#8243;]<div class=\"ult-content-box-container box_class\" >\t\t<div class=\"ult-content-box\" style=\"background-color:rgba(255,255,255,0.7);box-shadow: px px px px none;-webkit-transition: all 700ms ease;-moz-transition: all 700ms ease;-ms-transition: all 700ms ease;-o-transition: all 700ms ease;transition: all 700ms ease;\"  data-hover_box_shadow=\"none\"     data-bg=\"rgba(255,255,255,0.7)\" >[vc_single_image image=&#8221;207&#8243; img_size=&#8221;full&#8221;][vc_custom_heading text=&#8221;Dhom\u00eb Kat\u00ebrshe me Ballkon &amp; Pamje nga Deti An\u00ebsore&#8221; font_container=&#8221;tag:h3|font_size:22|text_align:left&#8221; use_theme_fonts=&#8221;yes&#8221; css=&#8221;.vc_custom_1613486825363{padding-left: 20px !important;}&#8221;][vc_column_text css=&#8221;.vc_custom_1613486835115{padding-right: 20px !important;padding-left: 20px !important;}&#8221;]<\/p>\n<div class=\"wpb_text_column wpb_content_element \">\n<div class=\"wpb_wrapper\">\n<p>Dhoma Kat\u00ebrshe p\u00ebrfshin krevat dopio dhe nj\u00eb sofa, aj\u00ebr t\u00eb kondicionuar dhe facilitete t\u00eb tjera. Dhoma \u00ebsht\u00eb e p\u00ebrshtatshme p\u00ebr nj\u00eb familje &#8230;<\/p>\n<\/div>\n<\/div>\n<p>[\/vc_column_text][vc_btn title=&#8221;Detaje&#8221; style=&#8221;outline-custom&#8221; outline_custom_color=&#8221;#063d8c&#8221; outline_custom_hover_background=&#8221;#063d8c&#8221; outline_custom_hover_text=&#8221;#ffffff&#8221; align=&#8221;left&#8221; css=&#8221;.vc_custom_1613491805049{padding-bottom: 20px !important;padding-left: 20px !important;}&#8221; link=&#8221;url:https%3A%2F%2Fhotelalion.com%2Findex.php%2Fdhome-katershe-me-ballkon-pamje-nga-deti-anesore%2F%3Flang%3Dsq|title:Dhom%C3%AB%20Kat%C3%ABrshe%20me%20Ballkon%20%26%20Pamje%20nga%20Deti%20An%C3%ABsore||&#8221;]\t\t<\/div><\/div>[\/vc_column][\/vc_row][vc_row css=&#8221;.vc_custom_1613469029092{padding-bottom: 30px !important;}&#8221;][vc_column width=&#8221;1\/2&#8243;]<div class=\"ult-content-box-container box_class\" >\t\t<div class=\"ult-content-box\" style=\"background-color:rgba(255,255,255,0.7);box-shadow: px px px px none;-webkit-transition: all 700ms ease;-moz-transition: all 700ms ease;-ms-transition: all 700ms ease;-o-transition: all 700ms ease;transition: all 700ms ease;\"  data-hover_box_shadow=\"none\"     data-bg=\"rgba(255,255,255,0.7)\" >[vc_single_image image=&#8221;207&#8243; img_size=&#8221;full&#8221;][vc_custom_heading text=&#8221;Dhom\u00eb Kat\u00ebrshe Deluxe me Ballkon&#8221; font_container=&#8221;tag:h3|font_size:22|text_align:left&#8221; use_theme_fonts=&#8221;yes&#8221; css=&#8221;.vc_custom_1613486848428{padding-left: 20px !important;}&#8221;][vc_column_text css=&#8221;.vc_custom_1613486855498{padding-right: 20px !important;padding-left: 20px !important;}&#8221;]<\/p>\n<div class=\"wpb_text_column wpb_content_element \">\n<div class=\"wpb_wrapper\">\n<p>Dhoma Kat\u00ebrshe Deluxe p\u00ebrfshin nj\u00eb krevat dopio dhe nj\u00eb sofa, aj\u00ebr t\u00eb kondicionuar dhe facilitete t\u00eb tjera. Kjo dhom\u00eb \u00ebsht\u00eb e p\u00ebrshtatshme p\u00ebr nj\u00eb familje&#8230;<\/p>\n<\/div>\n<\/div>\n<p>[\/vc_column_text][vc_btn title=&#8221;Detaje&#8221; style=&#8221;outline-custom&#8221; outline_custom_color=&#8221;#063d8c&#8221; outline_custom_hover_background=&#8221;#063d8c&#8221; outline_custom_hover_text=&#8221;#ffffff&#8221; align=&#8221;left&#8221; css=&#8221;.vc_custom_1613491895320{padding-bottom: 20px !important;padding-left: 20px !important;}&#8221; link=&#8221;url:https%3A%2F%2Fhotelalion.com%2Findex.php%2Fdhome-katershe-deluxe-me-ballkon%2F%3Flang%3Dsq|title:Dhom%C3%AB%20Kat%C3%ABrshe%20Deluxe%20me%20Ballkon||&#8221;]\t\t<\/div><\/div>[\/vc_column][vc_column width=&#8221;1\/2&#8243;]<div class=\"ult-content-box-container box_class\" >\t\t<div class=\"ult-content-box\" style=\"background-color:rgba(255,255,255,0.7);box-shadow: px px px px none;-webkit-transition: all 700ms ease;-moz-transition: all 700ms ease;-ms-transition: all 700ms ease;-o-transition: all 700ms ease;transition: all 700ms ease;\"  data-hover_box_shadow=\"none\"     data-bg=\"rgba(255,255,255,0.7)\" >[vc_single_image image=&#8221;208&#8243; img_size=&#8221;full&#8221;][vc_custom_heading text=&#8221;Dhom\u00eb Kat\u00ebrshe me Tarrac\u00eb \/ Kati 0&#8243; font_container=&#8221;tag:h3|font_size:22|text_align:left&#8221; use_theme_fonts=&#8221;yes&#8221; css=&#8221;.vc_custom_1613486793476{padding-left: 20px !important;}&#8221;][vc_column_text css=&#8221;.vc_custom_1613487218603{padding-right: 20px !important;padding-left: 20px !important;}&#8221;]<\/p>\n<div class=\"wpb_text_column wpb_content_element \">\n<div class=\"wpb_wrapper\">\n<p>Dhoma Kat\u00ebrshe p\u00ebrmban nj\u00eb krevat dopio dhe nj\u00eb sofa, aj\u00ebr t\u00eb kondicionuar dhe facilitete t\u00eb tjera. Dhoma \u00ebsht\u00eb e p\u00ebrshtatshme p\u00ebr nj\u00eb familje dhe p\u00ebrmban t\u00eb gjitha facilitetet&#8230;<\/p>\n<\/div>\n<\/div>\n<p>[\/vc_column_text][vc_btn title=&#8221;Detaje&#8221; style=&#8221;outline-custom&#8221; outline_custom_color=&#8221;#063d8c&#8221; outline_custom_hover_background=&#8221;#063d8c&#8221; outline_custom_hover_text=&#8221;#ffffff&#8221; align=&#8221;left&#8221; css=&#8221;.vc_custom_1613491918512{padding-bottom: 20px !important;padding-left: 20px !important;}&#8221; link=&#8221;url:https%3A%2F%2Fhotelalion.com%2Findex.php%2Fdhome-katershe-me-tarrace-kati-0%2F%3Flang%3Dsq|title:Dhom%C3%AB%20Kat%C3%ABrshe%20me%20Tarrac%C3%AB%20%2F%20Kati%200||&#8221;]\t\t<\/div><\/div>[\/vc_column][\/vc_row][vc_row bg_type=&#8221;image&#8221; parallax_style=&#8221;vcpb-default&#8221; bg_image_new=&#8221;id^39|url^https:\/\/hotelalion.com\/wp-content\/uploads\/2021\/02\/PARALALX.jpg|caption^null|alt^null|title^PARALALX|description^null&#8221; bg_img_attach=&#8221;fixed&#8221; bg_override=&#8221;ex-full&#8221; css=&#8221;.vc_custom_1613463771505{padding-top: 50px !important;padding-bottom: 50px !important;}&#8221;][vc_column][vc_custom_heading text=&#8221;REZERVO TANI N\u00cb HOTELIN TON\u00cb&#8221; font_container=&#8221;tag:h2|text_align:center|color:%23ffffff&#8221; use_theme_fonts=&#8221;yes&#8221;][vc_custom_heading text=&#8221;Kaloni pushime t\u00eb paharrueshme pran\u00eb Hotel Alion!&#8221; font_container=&#8221;tag:h2|text_align:center|color:%23ffffff&#8221; google_fonts=&#8221;font_family:Great%20Vibes%3Aregular|font_style:400%20regular%3A400%3Anormal&#8221;][vc_btn title=&#8221;Na Kontaktoni&#8221; style=&#8221;custom&#8221; custom_background=&#8221;#063d8c&#8221; custom_text=&#8221;#ffffff&#8221; align=&#8221;center&#8221; css=&#8221;.vc_custom_1613491925920{padding-top: 15px !important;padding-bottom: 20px !important;padding-left: 20px !important;}&#8221; link=&#8221;url:https%3A%2F%2Fhotelalion.com%2Findex.php%2Fkontakt%2F%3Flang%3Dsq|title:KONTAKT||&#8221;][\/vc_column][\/vc_row]<\/p>\n<\/div>","protected":false},"excerpt":{"rendered":"<p>[vc_row][vc_column width=&#8221;1\/3&#8243;][\/vc_column][vc_column width=&#8221;1\/3&#8243;][\/vc_column][vc_column width=&#8221;1\/3&#8243;][\/vc_column][\/vc_row][vc_row][vc_column width=&#8221;1\/3&#8243;][\/vc_column][vc_column width=&#8221;1\/3&#8243;][\/vc_column][vc_column width=&#8221;1\/3&#8243;][\/vc_column][\/vc_row][vc_row css=&#8221;.vc_custom_1613469029092{padding-bottom: 30px !important;}&#8221;][vc_column width=&#8221;1\/2&#8243;][\/vc_column][vc_column width=&#8221;1\/2&#8243;][\/vc_column][\/vc_row][vc_row bg_type=&#8221;image&#8221; parallax_style=&#8221;vcpb-default&#8221; bg_image_new=&#8221;id^39|url^https:\/\/hotelalion.com\/wp-content\/uploads\/2021\/02\/PARALALX.jpg|caption^null|alt^null|title^PARALALX|description^null&#8221; bg_img_attach=&#8221;fixed&#8221; bg_override=&#8221;ex-full&#8221; css=&#8221;.vc_custom_1613463771505{padding-top: 50px !important;padding-bottom: 50px !important;}&#8221;][vc_column][vc_custom_heading text=&#8221;REZERVO TANI N\u00cb HOTELIN TON\u00cb&#8221; font_container=&#8221;tag:h2|text_align:center|color:%23ffffff&#8221; use_theme_fonts=&#8221;yes&#8221;][vc_custom_heading text=&#8221;Kaloni pushime t\u00eb paharrueshme pran\u00eb Hotel Alion!&#8221; font_container=&#8221;tag:h2|text_align:center|color:%23ffffff&#8221; google_fonts=&#8221;font_family:Great%20Vibes%3Aregular|font_style:400%20regular%3A400%3Anormal&#8221;][vc_btn title=&#8221;Na Kontaktoni&#8221; style=&#8221;custom&#8221; custom_background=&#8221;#063d8c&#8221; custom_text=&#8221;#ffffff&#8221; align=&#8221;center&#8221; css=&#8221;.vc_custom_1613491925920{padding-top: 15px !important;padding-bottom: 20px !important;padding-left: 20px !important;}&#8221; link=&#8221;url:https%3A%2F%2Fhotelalion.com%2Findex.php%2Fkontakt%2F%3Flang%3Dsq|title:KONTAKT||&#8221;][\/vc_column][\/vc_row]<\/p>\n","protected":false},"author":1,"featured_media":0,"parent":0,"menu_order":0,"comment_status":"closed","ping_status":"closed","template":"","meta":{"footnotes":""},"class_list":["post-257","page","type-page","status-publish","hentry","description-off"],"_links":{"self":[{"href":"https:\/\/hotelalion.com\/index.php\/wp-json\/wp\/v2\/pages\/257","targetHints":{"allow":["GET"]}}],"collection":[{"href":"https:\/\/hotelalion.com\/index.php\/wp-json\/wp\/v2\/pages"}],"about":[{"href":"https:\/\/hotelalion.com\/index.php\/wp-json\/wp\/v2\/types\/page"}],"author":[{"embeddable":true,"href":"https:\/\/hotelalion.com\/index.php\/wp-json\/wp\/v2\/users\/1"}],"replies":[{"embeddable":true,"href":"https:\/\/hotelalion.com\/index.php\/wp-json\/wp\/v2\/comments?post=257"}],"version-history":[{"count":4,"href":"https:\/\/hotelalion.com\/index.php\/wp-json\/wp\/v2\/pages\/257\/revisions"}],"predecessor-version":[{"id":397,"href":"https:\/\/hotelalion.com\/index.php\/wp-json\/wp\/v2\/pages\/257\/revisions\/397"}],"wp:attachment":[{"href":"https:\/\/hotelalion.com\/index.php\/wp-json\/wp\/v2\/media?parent=257"}],"curies":[{"name":"wp","href":"https:\/\/api.w.org\/{rel}","templated":true}]}}