{"id":330,"date":"2021-02-16T13:57:02","date_gmt":"2021-02-16T13:57:02","guid":{"rendered":"https:\/\/hotelalion.com\/index.php\/deluxe-quadruple-room\/"},"modified":"2025-12-25T16:02:09","modified_gmt":"2025-12-25T16:02:09","slug":"dhome-katershe-deluxe","status":"publish","type":"page","link":"https:\/\/hotelalion.com\/index.php\/dhome-katershe-deluxe\/?lang=sq","title":{"rendered":"Dhom\u00eb Kat\u00ebrshe Deluxe"},"content":{"rendered":"<div class=\"wpb-content-wrapper\"><p>[vc_row][vc_column width=&#8221;1\/2&#8243;][vc_single_image image=&#8221;333&#8243; img_size=&#8221;650&#215;650&#8243;][\/vc_column][vc_column width=&#8221;1\/2&#8243;][vc_empty_space height=&#8221;40px&#8221;]<div class=\"ult-content-box-container \" >\t\t<div class=\"ult-content-box\" style=\"background-color:rgba(255,255,255,0.7);box-shadow: px px px px none;-webkit-transition: all 700ms ease;-moz-transition: all 700ms ease;-ms-transition: all 700ms ease;-o-transition: all 700ms ease;transition: all 700ms ease;\"  data-hover_box_shadow=\"none\"     data-bg=\"rgba(255,255,255,0.7)\" >[vc_custom_heading text=&#8221;Dhom\u00eb Kat\u00ebrshe Deluxe&#8221; font_container=&#8221;tag:h3|text_align:left&#8221; use_theme_fonts=&#8221;yes&#8221; css=&#8221;.vc_custom_1613488061617{padding-left: 20px !important;}&#8221;][vc_column_text css=&#8221;.vc_custom_1613488069193{padding-right: 20px !important;padding-left: 20px !important;}&#8221;]<\/p>\n<p style=\"font-family: 'Montserrat', serif; text-align: justify;\"><span style=\"color: #333333; font-size: 20px;\">Dhoma Kat\u00ebrshe p\u00ebrfshin nj\u00eb krevat dopio dhe nj\u00eb sofa, aj\u00ebr t\u00eb kondicionuar dhe facilitete t\u00eb tjera. Dhoma \u00ebsht\u00eb e p\u00ebrshtatshme p\u00ebr nj\u00eb familje dhe p\u00ebrmban t\u00eb gjitha facilitetet e nevojshme p\u00ebr t\u00eb kaluar pushime relaksuese.<\/span><\/p>\n<p>[\/vc_column_text][vc_row_inner][vc_column_inner width=&#8221;1\/3&#8243;]<div class=\"aio-icon-component   ic_class style_1\"><div id=\"Info-box-wrap-5933\" class=\"aio-icon-box top-icon\" style=\"\"  ><div class=\"aio-icon-top\"><div class=\"ult-just-icon-wrapper  \"><div class=\"align-icon\" style=\"text-align:center;\">\n<div class=\"aio-icon-img \" style=\"font-size:48px;display:inline-block;\" >\n\t<img decoding=\"async\" class=\"img-icon\" alt=\"null\" src=\"https:\/\/hotelalion.com\/wp-content\/uploads\/2021\/02\/bed.png\"\/>\n<\/div><\/div><\/div><\/div><div class=\"aio-icon-header\" ><h3 class=\"aio-icon-title ult-responsive\"  data-ultimate-target='#Info-box-wrap-5933 .aio-icon-title'  data-responsive-json-new='{\"font-size\":\"\",\"line-height\":\"\"}'  style=\"\">Nj\u00eb krevat dopio + sofa<\/h3><\/div> <!-- header --><\/div> <!-- aio-icon-box --><\/div> <!-- aio-icon-component -->[\/vc_column_inner][vc_column_inner width=&#8221;1\/3&#8243;]<div class=\"aio-icon-component   ic_class style_1\"><div id=\"Info-box-wrap-1232\" class=\"aio-icon-box top-icon\" style=\"\"  ><div class=\"aio-icon-top\"><div class=\"ult-just-icon-wrapper  \"><div class=\"align-icon\" style=\"text-align:center;\">\n<div class=\"aio-icon-img \" style=\"font-size:48px;display:inline-block;\" >\n\t<img decoding=\"async\" class=\"img-icon\" alt=\"null\" src=\"https:\/\/hotelalion.com\/wp-content\/uploads\/2021\/02\/size.png\"\/>\n<\/div><\/div><\/div><\/div><div class=\"aio-icon-header\" ><h3 class=\"aio-icon-title ult-responsive\"  data-ultimate-target='#Info-box-wrap-1232 .aio-icon-title'  data-responsive-json-new='{\"font-size\":\"\",\"line-height\":\"\"}'  style=\"\">Sip\u00ebrfaqja 28m\u00b2<\/h3><\/div> <!-- header --><\/div> <!-- aio-icon-box --><\/div> <!-- aio-icon-component -->[\/vc_column_inner][vc_column_inner width=&#8221;1\/3&#8243;]<div class=\"aio-icon-component   ic_class style_1\"><div id=\"Info-box-wrap-4343\" class=\"aio-icon-box top-icon\" style=\"\"  ><div class=\"aio-icon-top\"><div class=\"ult-just-icon-wrapper  \"><div class=\"align-icon\" style=\"text-align:center;\">\n<div class=\"aio-icon-img \" style=\"font-size:48px;display:inline-block;\" >\n\t<img decoding=\"async\" class=\"img-icon\" alt=\"null\" src=\"https:\/\/hotelalion.com\/wp-content\/uploads\/2021\/02\/air-conditioner.png\"\/>\n<\/div><\/div><\/div><\/div><div class=\"aio-icon-header\" ><h3 class=\"aio-icon-title ult-responsive\"  data-ultimate-target='#Info-box-wrap-4343 .aio-icon-title'  data-responsive-json-new='{\"font-size\":\"\",\"line-height\":\"\"}'  style=\"\">Aj\u00ebr i kondicionuar<\/h3><\/div> <!-- header --><\/div> <!-- aio-icon-box --><\/div> <!-- aio-icon-component -->[\/vc_column_inner][\/vc_row_inner]\t\t<\/div><\/div>[vc_media_grid element_width=&#8221;2&#8243; grid_id=&#8221;vc_gid:1766678503352-cbd24af9-27fd-3&#8243; include=&#8221;334,335,336,337,338,339&#8243;][vc_btn title=&#8221;Rezervo Tani&#8221; style=&#8221;outline-custom&#8221; outline_custom_color=&#8221;#063d8c&#8221; outline_custom_hover_background=&#8221;#063d8c&#8221; outline_custom_hover_text=&#8221;#ffffff&#8221; css=&#8221;&#8221; link=&#8221;url:https%3A%2F%2Falion.reservation.expert%2F&#8221;][\/vc_column][\/vc_row]<\/p>\n<\/div>","protected":false},"excerpt":{"rendered":"<p>[vc_row][vc_column width=&#8221;1\/2&#8243;][vc_single_image image=&#8221;333&#8243; img_size=&#8221;650&#215;650&#8243;][\/vc_column][vc_column width=&#8221;1\/2&#8243;][vc_empty_space height=&#8221;40px&#8221;][vc_media_grid element_width=&#8221;2&#8243; grid_id=&#8221;vc_gid:1766678503352-cbd24af9-27fd-3&#8243; include=&#8221;334,335,336,337,338,339&#8243;][vc_btn title=&#8221;Rezervo Tani&#8221; style=&#8221;outline-custom&#8221; outline_custom_color=&#8221;#063d8c&#8221; outline_custom_hover_background=&#8221;#063d8c&#8221; outline_custom_hover_text=&#8221;#ffffff&#8221; css=&#8221;&#8221; link=&#8221;url:https%3A%2F%2Falion.reservation.expert%2F&#8221;][\/vc_column][\/vc_row]<\/p>\n","protected":false},"author":1,"featured_media":0,"parent":0,"menu_order":0,"comment_status":"closed","ping_status":"closed","template":"","meta":{"footnotes":""},"class_list":["post-330","page","type-page","status-publish","hentry","description-off"],"_links":{"self":[{"href":"https:\/\/hotelalion.com\/index.php\/wp-json\/wp\/v2\/pages\/330","targetHints":{"allow":["GET"]}}],"collection":[{"href":"https:\/\/hotelalion.com\/index.php\/wp-json\/wp\/v2\/pages"}],"about":[{"href":"https:\/\/hotelalion.com\/index.php\/wp-json\/wp\/v2\/types\/page"}],"author":[{"embeddable":true,"href":"https:\/\/hotelalion.com\/index.php\/wp-json\/wp\/v2\/users\/1"}],"replies":[{"embeddable":true,"href":"https:\/\/hotelalion.com\/index.php\/wp-json\/wp\/v2\/comments?post=330"}],"version-history":[{"count":6,"href":"https:\/\/hotelalion.com\/index.php\/wp-json\/wp\/v2\/pages\/330\/revisions"}],"predecessor-version":[{"id":460,"href":"https:\/\/hotelalion.com\/index.php\/wp-json\/wp\/v2\/pages\/330\/revisions\/460"}],"wp:attachment":[{"href":"https:\/\/hotelalion.com\/index.php\/wp-json\/wp\/v2\/media?parent=330"}],"curies":[{"name":"wp","href":"https:\/\/api.w.org\/{rel}","templated":true}]}}